{"id":125,"date":"2025-02-17T11:15:34","date_gmt":"2025-02-17T11:15:34","guid":{"rendered":"https:\/\/www.familiaris.se\/?page_id=125"},"modified":"2025-06-11T12:15:25","modified_gmt":"2025-06-11T12:15:25","slug":"familjehem-jourhem","status":"publish","type":"page","link":"https:\/\/www.familiaris.se\/?page_id=125","title":{"rendered":"Tj\u00e4nster"},"content":{"rendered":"<div data-colibri-id=\"125-c1\" class=\"style-199 style-local-125-c1 position-relative\">\n  <!---->\n  <div data-colibri-component=\"section\" data-colibri-id=\"125-c2\" id=\"about\" class=\"h-section h-section-global-spacing d-flex align-items-lg-center align-items-md-center align-items-center style-200 style-local-125-c2 position-relative\">\n    <!---->\n    <!---->\n    <div class=\"h-section-grid-container h-section-boxed-container\">\n      <!---->\n      <div data-colibri-id=\"125-c3\" class=\"h-row-container gutters-row-lg-2 gutters-row-md-2 gutters-row-2 gutters-row-v-lg-2 gutters-row-v-md-2 gutters-row-v-2 style-201 style-local-125-c3 position-relative\">\n        <!---->\n        <div class=\"h-row justify-content-lg-center justify-content-md-center justify-content-center align-items-lg-stretch align-items-md-stretch align-items-stretch gutters-col-lg-2 gutters-col-md-2 gutters-col-2 gutters-col-v-lg-2 gutters-col-v-md-2 gutters-col-v-2\">\n          <!---->\n          <div class=\"h-column h-column-container d-flex h-col-lg-auto h-col-md-auto h-col-auto style-202-outer style-local-125-c4-outer\">\n            <div data-colibri-id=\"125-c4\" class=\"d-flex h-flex-basis h-column__inner h-px-lg-2 h-px-md-2 h-px-2 v-inner-lg-2 v-inner-md-2 v-inner-2 style-202 style-local-125-c4 position-relative\">\n              <!---->\n              <!---->\n              <div class=\"w-100 h-y-container h-column__content h-column__v-align flex-basis-100 align-self-lg-center align-self-md-center align-self-center\">\n                <!---->\n                <div data-colibri-id=\"125-c5\" class=\"h-global-transition-all h-heading style-203 style-local-125-c5 position-relative h-element\">\n                  <!---->\n                  <div class=\"h-heading__outer style-203 style-local-125-c5\">\n                    <!---->\n                    <!---->\n                    <h2 class=\"\">V\u00e5ra Tj\u00e4nster..<\/h2>\n                  <\/div>\n                <\/div>\n                <div data-colibri-id=\"125-c6\" class=\"h-global-transition-all h-heading style-204 style-local-125-c6 position-relative h-element\">\n                  <!---->\n                  <div class=\"h-heading__outer style-204 style-local-125-c6\">\n                    <!---->\n                    <!---->\n                    <h4 class=\"\">Vi skapar trygga <em style=\"color: rgb(247, 144, 7); font-family: &quot;Playfair Display&quot;;\">hem<\/em>&nbsp;f\u00f6r&nbsp;<em style=\"color: rgb(247, 144, 7); font-family: &quot;Playfair Display&quot;;\">barn och unga&#8230;.<\/em>&nbsp;<\/h4>\n                  <\/div>\n                <\/div>\n                <div data-colibri-id=\"125-c7\" class=\"h-x-container style-206 style-local-125-c7 position-relative h-element\">\n                  <!---->\n                  <div class=\"h-x-container-inner style-dynamic-125-c7-group style-206-spacing style-local-125-c7-spacing\"><span class=\"h-button__outer style-207-outer style-local-125-c8-outer d-inline-flex h-element\"><a h-use-smooth-scroll=\"true\" href=\"https:\/\/familiarisse.hemsida.eu\/?page_id=150\" target=\"_blank\"  data-colibri-id=\"125-c8\" class=\"d-flex w-100 align-items-center h-button justify-content-lg-center justify-content-md-center justify-content-center style-207 style-local-125-c8 position-relative\"><!----><!----> <span>L\u00e4s mer h\u00e4r<\/span><\/a>\n                    <\/span>\n                  <\/div>\n                <\/div>\n              <\/div>\n            <\/div>\n          <\/div>\n          <div class=\"h-column h-column-container d-flex h-col-lg-auto h-col-md-auto h-col-auto style-208-outer style-local-125-c9-outer\">\n            <div data-colibri-id=\"125-c9\" class=\"d-flex h-flex-basis h-column__inner h-px-lg-2 h-px-md-2 h-px-2 v-inner-lg-2 v-inner-md-2 v-inner-2 style-208 style-local-125-c9 position-relative\">\n              <!---->\n              <!---->\n              <div class=\"w-100 h-y-container h-column__content h-column__v-align flex-basis-100 align-self-lg-center align-self-md-center align-self-center\">\n                <!---->\n                <div data-colibri-id=\"125-c10\" class=\"d-block style-209 style-local-125-c10 position-relative h-element\">\n                  <!---->\n                  <div class=\"h-image__frame-container-outer\">\n                    <div class=\"h-image__frame-container\">\n                      <!---->\n                      <!---->\n                      <img fetchpriority=\"high\" decoding=\"async\" width=\"1705\" height=\"2045\" src=\"https:\/\/familiarisse.hemsida.eu\/wp-content\/uploads\/2025\/02\/cropped-brayden-prato-r5Ze1w-Y1hc-unsplash-scaled-1.jpg\" class=\"wp-image-187 style-209-image style-local-125-c10-image\" alt=\"\" srcset=\"https:\/\/www.familiaris.se\/wp-content\/uploads\/2025\/02\/cropped-brayden-prato-r5Ze1w-Y1hc-unsplash-scaled-1.jpg 1705w, https:\/\/www.familiaris.se\/wp-content\/uploads\/2025\/02\/cropped-brayden-prato-r5Ze1w-Y1hc-unsplash-scaled-1-250x300.jpg 250w, https:\/\/www.familiaris.se\/wp-content\/uploads\/2025\/02\/cropped-brayden-prato-r5Ze1w-Y1hc-unsplash-scaled-1-854x1024.jpg 854w, https:\/\/www.familiaris.se\/wp-content\/uploads\/2025\/02\/cropped-brayden-prato-r5Ze1w-Y1hc-unsplash-scaled-1-768x921.jpg 768w, https:\/\/www.familiaris.se\/wp-content\/uploads\/2025\/02\/cropped-brayden-prato-r5Ze1w-Y1hc-unsplash-scaled-1-1281x1536.jpg 1281w\" sizes=\"(max-width: 1705px) 100vw, 1705px\" \/>\n                      <div class=\"h-image__frame h-hide-sm style-209-frameImage style-local-125-c10-frameImage\"><\/div>\n                    <\/div>\n                  <\/div>\n                <\/div>\n              <\/div>\n            <\/div>\n          <\/div>\n        <\/div>\n      <\/div>\n    <\/div>\n  <\/div>\n<\/div>","protected":false},"excerpt":{"rendered":"<p>V\u00e5ra Tj\u00e4nster.. Vi skapar trygga hem&nbsp;f\u00f6r&nbsp;barn och unga&#8230;.&nbsp; L\u00e4s mer h\u00e4r [&hellip;]<\/p>\n","protected":false},"author":1,"featured_media":0,"parent":0,"menu_order":0,"comment_status":"closed","ping_status":"closed","template":"page-templates\/full-width-page.php","meta":{"footnotes":""},"class_list":["post-125","page","type-page","status-publish","hentry"],"_links":{"self":[{"href":"https:\/\/www.familiaris.se\/index.php?rest_route=\/wp\/v2\/pages\/125","targetHints":{"allow":["GET"]}}],"collection":[{"href":"https:\/\/www.familiaris.se\/index.php?rest_route=\/wp\/v2\/pages"}],"about":[{"href":"https:\/\/www.familiaris.se\/index.php?rest_route=\/wp\/v2\/types\/page"}],"author":[{"embeddable":true,"href":"https:\/\/www.familiaris.se\/index.php?rest_route=\/wp\/v2\/users\/1"}],"replies":[{"embeddable":true,"href":"https:\/\/www.familiaris.se\/index.php?rest_route=%2Fwp%2Fv2%2Fcomments&post=125"}],"version-history":[{"count":9,"href":"https:\/\/www.familiaris.se\/index.php?rest_route=\/wp\/v2\/pages\/125\/revisions"}],"predecessor-version":[{"id":933,"href":"https:\/\/www.familiaris.se\/index.php?rest_route=\/wp\/v2\/pages\/125\/revisions\/933"}],"wp:attachment":[{"href":"https:\/\/www.familiaris.se\/index.php?rest_route=%2Fwp%2Fv2%2Fmedia&parent=125"}],"curies":[{"name":"wp","href":"https:\/\/api.w.org\/{rel}","templated":true}]}}