{"id":753,"date":"2025-06-08T20:37:00","date_gmt":"2025-06-08T20:37:00","guid":{"rendered":"https:\/\/www.familiaris.se\/?page_id=753"},"modified":"2025-06-09T17:26:54","modified_gmt":"2025-06-09T17:26:54","slug":"var-vision-1","status":"publish","type":"page","link":"https:\/\/www.familiaris.se\/?page_id=753","title":{"rendered":"V\u00e5r vision"},"content":{"rendered":"<div data-colibri-id=\"753-c1\" class=\"style-636 style-local-753-c1 position-relative\">\n  <!---->\n  <div data-colibri-component=\"section\" data-colibri-id=\"753-c2\" id=\"about\" class=\"h-section h-section-global-spacing d-flex align-items-lg-center align-items-md-center align-items-center style-637 style-local-753-c2 position-relative\">\n    <!---->\n    <!---->\n    <div class=\"h-section-grid-container h-section-boxed-container\">\n      <!---->\n      <div data-colibri-id=\"753-c3\" class=\"h-row-container gutters-row-lg-2 gutters-row-md-2 gutters-row-2 gutters-row-v-lg-2 gutters-row-v-md-2 gutters-row-v-2 style-638 style-local-753-c3 position-relative\">\n        <!---->\n        <div class=\"h-row justify-content-lg-center justify-content-md-center justify-content-center align-items-lg-stretch align-items-md-stretch align-items-stretch gutters-col-lg-2 gutters-col-md-2 gutters-col-2 gutters-col-v-lg-2 gutters-col-v-md-2 gutters-col-v-2\">\n          <!---->\n          <div class=\"h-column h-column-container d-flex h-col-lg-auto h-col-md-auto h-col-auto style-639-outer style-local-753-c4-outer\">\n            <div data-colibri-id=\"753-c4\" class=\"d-flex h-flex-basis h-column__inner h-px-lg-2 h-px-md-2 h-px-2 v-inner-lg-2 v-inner-md-2 v-inner-2 style-639 style-local-753-c4 position-relative\">\n              <!---->\n              <!---->\n              <div class=\"w-100 h-y-container h-column__content h-column__v-align flex-basis-100 align-self-lg-center align-self-md-center align-self-center\">\n                <!---->\n                <div data-colibri-id=\"753-c5\" class=\"h-global-transition-all h-heading style-640 style-local-753-c5 position-relative h-element\">\n                  <!---->\n                  <div class=\"h-heading__outer style-640 style-local-753-c5\">\n                    <!---->\n                    <!---->\n                    <h2 class=\"\">V\u00e5r vision<\/h2>\n                  <\/div>\n                <\/div>\n                <div data-colibri-id=\"753-c6\" class=\"h-text h-text-component style-641 style-local-753-c6 position-relative h-element\">\n                  <!---->\n                  <!---->\n                  <div class=\"\">\n                    <p>V\u00e5rt Emblem \u2013 Paraplyet<\/p>\n                    <p>Familiaris v\u00e4lkomnar dig till v\u00e5r gemenskap, d\u00e4r varje barns v\u00e4lm\u00e5ende st\u00e5r i fokus. V\u00e5r logotyp, ett \u00f6ppet paraply, \u00e4r en symbol som b\u00e4r p\u00e5 djup betydelse och speglar v\u00e5rt uppdrag och v\u00e5ra v\u00e4rderingar.<strong><br><br>Skydd och S\u00e4kerhet:<\/strong>&nbsp;Precis\n                      som ett paraply skyddar mot ov\u00e4der och yttre p\u00e5verkan, str\u00e4var vi efter att erbjuda samma trygghet och s\u00e4kerhet f\u00f6r de barn vi tar hand om. Vi \u00e4r engagerade i att skapa en milj\u00f6 d\u00e4r varje barn kan k\u00e4nna sig trygg och omh\u00e4ndertaget.<strong><br><br>Positiv Synvinkel:<\/strong>&nbsp;Vi\n                      tror p\u00e5 varje barns m\u00f6jligheter och f\u00f6rm\u00e5ga att v\u00e4xa och blomstra, oavsett vilka utmaningar de har m\u00f6tt.<strong><br><br>Hopp:&nbsp;<\/strong>\u00c4ven n\u00e4r livet k\u00e4nns som tyngst, tror vi p\u00e5 att det alltid finns en m\u00f6jlighet att v\u00e4xa och\n                      utvecklas. Vi vill inge de barn vi tar hand om ljusglimten av hopp och g\u00f6ra v\u00e5rt yttersta f\u00f6r att hj\u00e4lpa dem p\u00e5 v\u00e4gen till att blomstra och uppn\u00e5 sin fulla potential.\n                      <br>\n                      <br>P\u00e5 Familiaris ser vi det som v\u00e5rt hj\u00e4rteuppdrag att skapa en plats d\u00e4r varje barn k\u00e4nner sig \u00e4lskat och omh\u00e4ndertaget. Vi \u00e4r stolta \u00f6ver att vara det trygga skyddet som omfamnar och ger hopp till de som beh\u00f6ver det allra mest. Tillsammans\n                      bygger vi en ljusare framtid f\u00f6r v\u00e5ra barn, d\u00e4r varje steg fram\u00e5t \u00e4r fyllt med omsorg och k\u00e4rlek.<\/p>\n                  <\/div>\n                <\/div>\n              <\/div>\n            <\/div>\n          <\/div>\n          <div class=\"h-column h-column-container d-flex h-col-lg-auto h-col-md-auto h-col-auto style-642-outer style-local-753-c7-outer\">\n            <div data-colibri-id=\"753-c7\" class=\"d-flex h-flex-basis h-column__inner h-px-lg-2 h-px-md-2 h-px-2 v-inner-lg-2 v-inner-md-2 v-inner-2 style-642 style-local-753-c7 position-relative\">\n              <!---->\n              <!---->\n              <div class=\"w-100 h-y-container h-column__content h-column__v-align flex-basis-100 align-self-lg-center align-self-md-center align-self-center\">\n                <!---->\n                <div data-colibri-id=\"753-c8\" class=\"h-multiple-image style-643 style-local-753-c8 position-relative h-element\">\n                  <!---->\n                  <div class=\"position-relative\">\n                    <div class=\"h-multiple-image-inside-container\">\n                      <div class=\"ratio-inner\">\n                        <div data-colibri-id=\"753-c9\" class=\"d-block style-644 style-local-753-c9 position-relative h-element\">\n                          <!---->\n                          <div class=\"h-image__frame-container-outer\">\n                            <div class=\"h-image__frame-container\">\n                              <!---->\n                              <!---->\n                              <img fetchpriority=\"high\" decoding=\"async\" width=\"1208\" height=\"1093\" src=\"https:\/\/www.familiaris.se\/wp-content\/uploads\/2025\/02\/cropped-cropped-cropped-iStock-1369933343-scaled-1-1.jpg\" class=\"style-643-images style-local-753-c8-images wp-image-690 style-644-image style-local-753-c9-image\" alt=\"\" srcset=\"https:\/\/www.familiaris.se\/wp-content\/uploads\/2025\/02\/cropped-cropped-cropped-iStock-1369933343-scaled-1-1.jpg 1208w, https:\/\/www.familiaris.se\/wp-content\/uploads\/2025\/02\/cropped-cropped-cropped-iStock-1369933343-scaled-1-1-300x271.jpg 300w, https:\/\/www.familiaris.se\/wp-content\/uploads\/2025\/02\/cropped-cropped-cropped-iStock-1369933343-scaled-1-1-1024x927.jpg 1024w, https:\/\/www.familiaris.se\/wp-content\/uploads\/2025\/02\/cropped-cropped-cropped-iStock-1369933343-scaled-1-1-768x695.jpg 768w\" sizes=\"(max-width: 1208px) 100vw, 1208px\" \/>\n                              <div class=\"h-image__frame h-hide-lg h-hide-md h-hide-sm style-644-frameImage style-local-753-c9-frameImage\"><\/div>\n                            <\/div>\n                          <\/div>\n                        <\/div>\n                        <div data-colibri-id=\"753-c10\" class=\"d-block style-645 style-local-753-c10 position-relative h-element\">\n                          <!---->\n                          <div class=\"h-image__frame-container-outer\">\n                            <div class=\"h-image__frame-container\">\n                              <!---->\n                              <!---->\n                              <img decoding=\"async\" width=\"1104\" height=\"2045\" src=\"https:\/\/www.familiaris.se\/wp-content\/uploads\/2025\/02\/cropped-cropped-brayden-prato-r5Ze1w-Y1hc-unsplash-scaled-1.jpg\" class=\"style-643-images style-local-753-c8-images wp-image-866 style-645-image style-local-753-c10-image\" alt=\"\" srcset=\"https:\/\/www.familiaris.se\/wp-content\/uploads\/2025\/02\/cropped-cropped-brayden-prato-r5Ze1w-Y1hc-unsplash-scaled-1.jpg 1104w, https:\/\/www.familiaris.se\/wp-content\/uploads\/2025\/02\/cropped-cropped-brayden-prato-r5Ze1w-Y1hc-unsplash-scaled-1-162x300.jpg 162w, https:\/\/www.familiaris.se\/wp-content\/uploads\/2025\/02\/cropped-cropped-brayden-prato-r5Ze1w-Y1hc-unsplash-scaled-1-553x1024.jpg 553w, https:\/\/www.familiaris.se\/wp-content\/uploads\/2025\/02\/cropped-cropped-brayden-prato-r5Ze1w-Y1hc-unsplash-scaled-1-768x1423.jpg 768w, https:\/\/www.familiaris.se\/wp-content\/uploads\/2025\/02\/cropped-cropped-brayden-prato-r5Ze1w-Y1hc-unsplash-scaled-1-829x1536.jpg 829w\" sizes=\"(max-width: 1104px) 100vw, 1104px\" \/>\n                              <div class=\"h-image__frame h-hide-lg h-hide-md h-hide-sm style-645-frameImage style-local-753-c10-frameImage\"><\/div>\n                            <\/div>\n                          <\/div>\n                        <\/div>\n                        <div data-colibri-id=\"753-c11\" class=\"d-block style-646 style-local-753-c11 position-relative h-element\">\n                          <!---->\n                          <div class=\"h-image__frame-container-outer\">\n                            <div class=\"h-image__frame-container\">\n                              <!---->\n                              <!---->\n                              <img decoding=\"async\" width=\"1859\" height=\"1707\" src=\"https:\/\/www.familiaris.se\/wp-content\/uploads\/2025\/05\/cropped-iStock-1456451298-scaled-2.jpg\" class=\"style-643-images style-local-753-c8-images wp-image-688 style-646-image style-local-753-c11-image\" alt=\"\" srcset=\"https:\/\/www.familiaris.se\/wp-content\/uploads\/2025\/05\/cropped-iStock-1456451298-scaled-2.jpg 1859w, https:\/\/www.familiaris.se\/wp-content\/uploads\/2025\/05\/cropped-iStock-1456451298-scaled-2-300x275.jpg 300w, https:\/\/www.familiaris.se\/wp-content\/uploads\/2025\/05\/cropped-iStock-1456451298-scaled-2-1024x940.jpg 1024w, https:\/\/www.familiaris.se\/wp-content\/uploads\/2025\/05\/cropped-iStock-1456451298-scaled-2-768x705.jpg 768w, https:\/\/www.familiaris.se\/wp-content\/uploads\/2025\/05\/cropped-iStock-1456451298-scaled-2-1536x1410.jpg 1536w\" sizes=\"(max-width: 1859px) 100vw, 1859px\" \/>\n                              <div class=\"h-image__frame h-hide-lg h-hide-md h-hide-sm style-646-frameImage style-local-753-c11-frameImage\"><\/div>\n                            <\/div>\n                          <\/div>\n                        <\/div>\n                        <div data-colibri-id=\"753-c12\" class=\"d-block style-647 style-local-753-c12 position-relative h-element\">\n                          <!---->\n                          <div class=\"h-image__frame-container-outer\">\n                            <div class=\"h-image__frame-container\">\n                              <!---->\n                              <!---->\n                              <img loading=\"lazy\" decoding=\"async\" width=\"1103\" height=\"1708\" src=\"https:\/\/www.familiaris.se\/wp-content\/uploads\/2025\/06\/cropped-iStock-2050239951-scaled-1.jpg\" class=\"style-643-images style-local-753-c8-images wp-image-694 style-647-image style-local-753-c12-image\" alt=\"\" srcset=\"https:\/\/www.familiaris.se\/wp-content\/uploads\/2025\/06\/cropped-iStock-2050239951-scaled-1.jpg 1103w, https:\/\/www.familiaris.se\/wp-content\/uploads\/2025\/06\/cropped-iStock-2050239951-scaled-1-194x300.jpg 194w, https:\/\/www.familiaris.se\/wp-content\/uploads\/2025\/06\/cropped-iStock-2050239951-scaled-1-661x1024.jpg 661w, https:\/\/www.familiaris.se\/wp-content\/uploads\/2025\/06\/cropped-iStock-2050239951-scaled-1-768x1189.jpg 768w, https:\/\/www.familiaris.se\/wp-content\/uploads\/2025\/06\/cropped-iStock-2050239951-scaled-1-992x1536.jpg 992w\" sizes=\"(max-width: 1103px) 100vw, 1103px\" \/>\n                              <div class=\"h-image__frame h-hide-lg h-hide-md h-hide-sm style-647-frameImage style-local-753-c12-frameImage\"><\/div>\n                            <\/div>\n                          <\/div>\n                        <\/div>\n                      <\/div>\n                    <\/div>\n                  <\/div>\n                <\/div>\n              <\/div>\n            <\/div>\n          <\/div>\n        <\/div>\n      <\/div>\n    <\/div>\n  <\/div>\n<\/div>","protected":false},"excerpt":{"rendered":"<p>V\u00e5r vision V\u00e5rt Emblem \u2013 Paraplyet Familiaris v\u00e4lkomnar dig till v\u00e5r gemenskap, d\u00e4r [&hellip;]<\/p>\n","protected":false},"author":1,"featured_media":0,"parent":0,"menu_order":0,"comment_status":"closed","ping_status":"closed","template":"page-templates\/full-width-page.php","meta":{"footnotes":""},"class_list":["post-753","page","type-page","status-publish","hentry"],"_links":{"self":[{"href":"https:\/\/www.familiaris.se\/index.php?rest_route=\/wp\/v2\/pages\/753","targetHints":{"allow":["GET"]}}],"collection":[{"href":"https:\/\/www.familiaris.se\/index.php?rest_route=\/wp\/v2\/pages"}],"about":[{"href":"https:\/\/www.familiaris.se\/index.php?rest_route=\/wp\/v2\/types\/page"}],"author":[{"embeddable":true,"href":"https:\/\/www.familiaris.se\/index.php?rest_route=\/wp\/v2\/users\/1"}],"replies":[{"embeddable":true,"href":"https:\/\/www.familiaris.se\/index.php?rest_route=%2Fwp%2Fv2%2Fcomments&post=753"}],"version-history":[{"count":7,"href":"https:\/\/www.familiaris.se\/index.php?rest_route=\/wp\/v2\/pages\/753\/revisions"}],"predecessor-version":[{"id":879,"href":"https:\/\/www.familiaris.se\/index.php?rest_route=\/wp\/v2\/pages\/753\/revisions\/879"}],"wp:attachment":[{"href":"https:\/\/www.familiaris.se\/index.php?rest_route=%2Fwp%2Fv2%2Fmedia&parent=753"}],"curies":[{"name":"wp","href":"https:\/\/api.w.org\/{rel}","templated":true}]}}